{"id":560,"date":"2018-07-10T12:19:01","date_gmt":"2018-07-10T10:19:01","guid":{"rendered":"http:\/\/www.iwr.org.pl\/ctafoye\/?page_id=560"},"modified":"2019-06-27T09:10:09","modified_gmt":"2019-06-27T07:10:09","slug":"sobre-o-projeto","status":"publish","type":"page","link":"https:\/\/www.iwr.org.pl\/ctafoye\/pt\/sobre-o-projeto\/","title":{"rendered":"Sobre o projeto"},"content":{"rendered":"\n<div class=\"wp-block-image\"><figure class=\"aligncenter\"><img loading=\"lazy\" width=\"300\" height=\"300\" src=\"http:\/\/www.iwr.org.pl\/ctafoye\/wp-content\/uploads\/2019\/06\/CTAFOYE-logo-2-300x300.png\" alt=\"\" class=\"wp-image-640\" srcset=\"https:\/\/www.iwr.org.pl\/ctafoye\/wp-content\/uploads\/2019\/06\/CTAFOYE-logo-2-300x300.png 300w, https:\/\/www.iwr.org.pl\/ctafoye\/wp-content\/uploads\/2019\/06\/CTAFOYE-logo-2-150x150.png 150w, https:\/\/www.iwr.org.pl\/ctafoye\/wp-content\/uploads\/2019\/06\/CTAFOYE-logo-2.png 500w\" sizes=\"(max-width: 300px) 100vw, 300px\" \/><\/figure><\/div>\n\n\n\n<p>Na Europa presente enfrenta um momento da transforma\u00e7\u00e3o, a\ncrise n\u00e3o tem s\u00f3 uma cara econ\u00f4mica mas tamb\u00e9m uma dimens\u00e3o social que fica em\nfrente atualmente com v\u00e1rios desafios. Os jovens s\u00e3o um dos grupos que lutam\ncom aquele fen\u00f4meno at\u00e9 o maior ponto. Todos os parceiros europeus s\u00e3o dos\npa\u00edses onde os jovens e as taxas de desemprego de pessoas graduadas est\u00e3o entre\na mais alta da UE (ver Eurostat \u201cTarifa de desemprego entre jovens\u201d). Este\nproblema tamb\u00e9m toca os nossos parceiros de projeto da Am\u00e9rica Latina onde a\ntaxa de desemprego entre jovens na idade de 16 para 24 anos iguala 26,36% no\nBrasil 17,2% no Peru e 8,3% na Argentina. A incapacidade de adquirir um emprego\ntem um impacto de demotivating em jovens, que n\u00e3o querem empreender estudos e\nativamente procura de um emprego (PAI INTERPRES, Dados econ\u00f4micos de FRED,\n2016).<\/p>\n\n\n\n<p>Apesar do reconhecimento crescente do empreendimento ao\nn\u00edvel da UE como uma fonte de cria\u00e7\u00e3o de empregos, autoriza\u00e7\u00e3o e dinamismo\necon\u00f4mico em rapidamente globalising mundo, n\u00e3o houve uma tentativa verdadeira\ne sistem\u00e1tica de olhar para ele da perspectiva dos jovens. O projeto aspira a\nestimular um debate p\u00fablico sobre os benef\u00edcios potenciais do empreendimento\ndos jovens (especialmente empresa dos jovens no campo do turismo cultural) como\numa op\u00e7\u00e3o de carreira vi\u00e1vel, impedimentos que est\u00e3o no seu caminho, e medidas\npol\u00edticas e estrat\u00e9gias que podem iniciar-se para apoi\u00e1-lo.<\/p>\n\n\n\n<p>O objetivo geral do projeto \u00e9 transferir para funcion\u00e1rios\ndos jovens metodologias de treino inovadoras para melhorar a orienta\u00e7\u00e3o e a\nconsulta, o treinamento vocacional e n\u00e3o-formal na UE e a Am\u00e9rica Latina de\ncrian\u00e7as e NEETs jovem (pessoas n\u00e3o em emprego, educa\u00e7\u00e3o ou treinamento) quem\nenfrentam mais obst\u00e1culos para entrar no mercado de trabalho e antes disto, s\u00e3o\nmais vulner\u00e1veis para ser em perigo da exclus\u00e3o social. O projeto visa \u00e0 ado\u00e7\u00e3o\nde educa\u00e7\u00e3o de empreendimento, no campo do turismo cultural com a \u00eanfase dada \u00e0\nutiliza\u00e7\u00e3o dos recursos hist\u00f3ricos e culturais dos parceiros da Europa e a\nAm\u00e9rica Latina fundando empresas dos jovens.<\/p>\n\n\n\n<p>Os funcion\u00e1rios dos jovens adquirir\u00e3o o conhecimento\nespec\u00edfico sobre empresas culturais e tur\u00edsticas por v\u00e1rios m\u00e9todos de\naprendizagem n\u00e3o-formais, especialmente, como planejar e implementar\ntreinamentos novos e inovadores, reuni\u00f5es de suporte relacionadas, oficinas e\natividades de tempo de lazer de crian\u00e7as para fortalecer habilidades\nempresariais. Este projeto desenvolver\u00e1 o grupo de funcion\u00e1rios dos jovens de\nt\u00e9cnico, transversal e habilidades interculturais e compet\u00eancias que\nindiretamente podem abrir para as crian\u00e7as da comunidade local de parceiros\nnovas oportunidades de emprego e melhorar a sua capacidade de inser\u00e7\u00e3o\nprofissional no campo da empresa cultural e tur\u00edstica. A criatividade, o\nempreendimento, o trabalho de equipe e o sentido da iniciativa v\u00e3o se\ndesenvolver constantemente assim fomentando um crescimento pessoal e\nprofissional verdadeiro e profundo de funcion\u00e1rios dos jovens e outros\nparticipantes de projeto.<\/p>\n\n\n\n<p>O projeto Cultural tourism as a Form of Youth\nEntrepreneurship contribuir\u00e1 para a implementa\u00e7\u00e3o \u201cda estrat\u00e9gia\u201d de 2020\neuropeia, trabalhando especificamente na luta contra pobreza e exclus\u00e3o social\ndos jovens. Os parceiros de projeto preparar\u00e3o colaborativamente um programa de\ndesenvolvimento de capacidade que se transmitir\u00e1 a outros funcion\u00e1rios dos\njovens nos seus pa\u00edses para aumentar as suas organiza\u00e7\u00f5es impacto social e\nvisibilidade. CTAFOYE aspira a fomentar a ideia do par que aprende entre\nfuncion\u00e1rios dos jovens de continentes diferentes baseados em criatividade,\nparticipa\u00e7\u00e3o ativa e aprendizagem intercultural.<\/p>\n","protected":false},"excerpt":{"rendered":"<p>Na Europa presente enfrenta um momento da transforma\u00e7\u00e3o, a crise n\u00e3o tem s\u00f3 uma cara econ\u00f4mica mas tamb\u00e9m uma dimens\u00e3o social que fica em frente atualmente com v\u00e1rios desafios. Os jovens s\u00e3o um dos grupos que lutam com aquele fen\u00f4meno at\u00e9 o maior ponto. Todos os parceiros europeus s\u00e3o dos pa\u00edses onde os jovens e [&hellip;]<\/p>\n","protected":false},"author":1,"featured_media":0,"parent":0,"menu_order":0,"comment_status":"closed","ping_status":"closed","template":"","meta":[],"_links":{"self":[{"href":"https:\/\/www.iwr.org.pl\/ctafoye\/wp-json\/wp\/v2\/pages\/560"}],"collection":[{"href":"https:\/\/www.iwr.org.pl\/ctafoye\/wp-json\/wp\/v2\/pages"}],"about":[{"href":"https:\/\/www.iwr.org.pl\/ctafoye\/wp-json\/wp\/v2\/types\/page"}],"author":[{"embeddable":true,"href":"https:\/\/www.iwr.org.pl\/ctafoye\/wp-json\/wp\/v2\/users\/1"}],"replies":[{"embeddable":true,"href":"https:\/\/www.iwr.org.pl\/ctafoye\/wp-json\/wp\/v2\/comments?post=560"}],"version-history":[{"count":3,"href":"https:\/\/www.iwr.org.pl\/ctafoye\/wp-json\/wp\/v2\/pages\/560\/revisions"}],"predecessor-version":[{"id":641,"href":"https:\/\/www.iwr.org.pl\/ctafoye\/wp-json\/wp\/v2\/pages\/560\/revisions\/641"}],"wp:attachment":[{"href":"https:\/\/www.iwr.org.pl\/ctafoye\/wp-json\/wp\/v2\/media?parent=560"}],"curies":[{"name":"wp","href":"https:\/\/api.w.org\/{rel}","templated":true}]}}